{"id":507,"date":"2025-10-09T15:14:17","date_gmt":"2025-10-09T13:14:17","guid":{"rendered":"http:\/\/transfa.pl\/projects\/"},"modified":"2025-10-21T17:05:57","modified_gmt":"2025-10-21T15:05:57","slug":"projects","status":"publish","type":"page","link":"https:\/\/transfa.pl\/en\/projects\/","title":{"rendered":"Projects"},"content":{"rendered":"<div data-elementor-type=\"wp-post\" data-elementor-id=\"507\" class=\"elementor elementor-507\">\n\t\t\t\t<div class=\"elementor-element elementor-element-a7d7892 e-flex e-con-boxed e-con e-parent\" data-id=\"a7d7892\" data-element_type=\"container\" data-settings=\"{&quot;background_background&quot;:&quot;classic&quot;}\">\n\t\t\t\t\t<div class=\"e-con-inner\">\n\t\t<div class=\"elementor-element elementor-element-4e3e72b e-con-full e-flex e-con e-child\" data-id=\"4e3e72b\" data-element_type=\"container\">\n\t\t\t\t<div class=\"elementor-element elementor-element-cb20d84 animated-slow elementor-invisible elementor-widget elementor-widget-heading\" data-id=\"cb20d84\" data-element_type=\"widget\" data-settings=\"{&quot;_animation&quot;:&quot;fadeIn&quot;,&quot;_animation_delay&quot;:100}\" data-widget_type=\"heading.default\">\n\t\t\t\t<div class=\"elementor-widget-container\">\n\t\t\t\t\t<h1 class=\"elementor-heading-title elementor-size-default\">Projects<\/h1>\t\t\t\t<\/div>\n\t\t\t\t<\/div>\n\t\t\t\t<\/div>\n\t\t\t\t\t<\/div>\n\t\t\t\t<\/div>\n\t\t<div class=\"elementor-element elementor-element-e5462bb e-flex e-con-boxed e-con e-parent\" data-id=\"e5462bb\" data-element_type=\"container\" data-settings=\"{&quot;background_background&quot;:&quot;classic&quot;}\">\n\t\t\t\t\t<div class=\"e-con-inner\">\n\t\t<div class=\"elementor-element elementor-element-fccb9ce e-con-full e-flex e-con e-child\" data-id=\"fccb9ce\" data-element_type=\"container\">\n\t\t\t\t<div class=\"elementor-element elementor-element-cbfaa7a elementor-position-top elementor-widget elementor-widget-image-box\" data-id=\"cbfaa7a\" data-element_type=\"widget\" data-widget_type=\"image-box.default\">\n\t\t\t\t<div class=\"elementor-widget-container\">\n\t\t\t\t\t<div class=\"elementor-image-box-wrapper\"><figure class=\"elementor-image-box-img\"><img fetchpriority=\"high\" decoding=\"async\" width=\"1024\" height=\"1024\" src=\"https:\/\/transfa.pl\/wp-content\/uploads\/2025\/10\/unnamed-4.png\" class=\"attachment-full size-full wp-image-30\" alt=\"Magazyn logistyczny TRANSFA U.T. \u2014 za\u0142adunek i sk\u0142adowanie \u0142adunk\u00f3w\" title=\"Projects\" srcset=\"https:\/\/transfa.pl\/wp-content\/uploads\/2025\/10\/unnamed-4.png 1024w, https:\/\/transfa.pl\/wp-content\/uploads\/2025\/10\/unnamed-4-300x300.png 300w, https:\/\/transfa.pl\/wp-content\/uploads\/2025\/10\/unnamed-4-150x150.png 150w, https:\/\/transfa.pl\/wp-content\/uploads\/2025\/10\/unnamed-4-768x768.png 768w\" sizes=\"(max-width: 1024px) 100vw, 1024px\" \/><\/figure><div class=\"elementor-image-box-content\"><h4 class=\"elementor-image-box-title\">Warehousing and distribution.<\/h4><p class=\"elementor-image-box-description\">TRANSFA U.T.\u2019s modern warehouse facilities ensure efficient cargo consolidation and transshipment.\nWe manage distribution across the Nordics, the Baltics, and the Balkans \u2013 fast, safely, and with full process control.<\/p><\/div><\/div>\t\t\t\t<\/div>\n\t\t\t\t<\/div>\n\t\t\t\t<div class=\"elementor-element elementor-element-5b31f0d elementor-widget elementor-widget-heading\" data-id=\"5b31f0d\" data-element_type=\"widget\" data-widget_type=\"heading.default\">\n\t\t\t\t<div class=\"elementor-widget-container\">\n\t\t\t\t\t<h4 class=\"elementor-heading-title elementor-size-default\">A logistics hub that connects Europe.\nEfficient consolidation and distribution are the foundation of on-time transport.<\/h4>\t\t\t\t<\/div>\n\t\t\t\t<\/div>\n\t\t\t\t<\/div>\n\t\t<div class=\"elementor-element elementor-element-f6626ec e-con-full e-flex e-con e-child\" data-id=\"f6626ec\" data-element_type=\"container\">\n\t\t\t\t<div class=\"elementor-element elementor-element-dd3444e elementor-position-top elementor-widget elementor-widget-image-box\" data-id=\"dd3444e\" data-element_type=\"widget\" data-widget_type=\"image-box.default\">\n\t\t\t\t<div class=\"elementor-widget-container\">\n\t\t\t\t\t<div class=\"elementor-image-box-wrapper\"><figure class=\"elementor-image-box-img\"><img decoding=\"async\" width=\"1024\" height=\"1024\" src=\"https:\/\/transfa.pl\/wp-content\/uploads\/2025\/10\/unnamed-5.png\" class=\"attachment-full size-full wp-image-29\" alt=\"Ci\u0119\u017car\u00f3wka TRANSFA U.T. w trasie \u2014 transport drogowy Polska Nordyki Ba\u0142tyk Ba\u0142kany\" title=\"Projects\" srcset=\"https:\/\/transfa.pl\/wp-content\/uploads\/2025\/10\/unnamed-5.png 1024w, https:\/\/transfa.pl\/wp-content\/uploads\/2025\/10\/unnamed-5-300x300.png 300w, https:\/\/transfa.pl\/wp-content\/uploads\/2025\/10\/unnamed-5-150x150.png 150w, https:\/\/transfa.pl\/wp-content\/uploads\/2025\/10\/unnamed-5-768x768.png 768w\" sizes=\"(max-width: 1024px) 100vw, 1024px\" \/><\/figure><div class=\"elementor-image-box-content\"><h4 class=\"elementor-image-box-title\">Sea\u2013road transport \u2013 the gateway to the Baltic.<\/h4><p class=\"elementor-image-box-description\">From Gdynia to the ports of Scandinavia and the Baltic states.\nWe provide door-to-door transport, combining road haulage with port logistics.\nDelivery reliability and precise planning \u2013 that\u2019s been our everyday standard since 2001.<\/p><\/div><\/div>\t\t\t\t<\/div>\n\t\t\t\t<\/div>\n\t\t\t\t<div class=\"elementor-element elementor-element-55d426f elementor-widget elementor-widget-heading\" data-id=\"55d426f\" data-element_type=\"widget\" data-widget_type=\"heading.default\">\n\t\t\t\t<div class=\"elementor-widget-container\">\n\t\t\t\t\t<h4 class=\"elementor-heading-title elementor-size-default\">Where land meets the sea \u2013 our logistics begin.\nFrom Gdynia to the Nordics and the Baltics \u2013 transport that connects continents.<\/h4>\t\t\t\t<\/div>\n\t\t\t\t<\/div>\n\t\t\t\t<\/div>\n\t\t<div class=\"elementor-element elementor-element-be98c86 e-con-full e-flex e-con e-child\" data-id=\"be98c86\" data-element_type=\"container\">\n\t\t\t\t<div class=\"elementor-element elementor-element-7b54fcb elementor-position-top elementor-widget elementor-widget-image-box\" data-id=\"7b54fcb\" data-element_type=\"widget\" data-widget_type=\"image-box.default\">\n\t\t\t\t<div class=\"elementor-widget-container\">\n\t\t\t\t\t<div class=\"elementor-image-box-wrapper\"><figure class=\"elementor-image-box-img\"><img decoding=\"async\" width=\"1024\" height=\"1024\" src=\"https:\/\/transfa.pl\/wp-content\/uploads\/2025\/10\/unnamed-9.png\" class=\"attachment-full size-full wp-image-25\" alt=\"Transport ponadgabarytowy TRANSFA U.T. \u2014 pilota\u017c i logistyka ci\u0119\u017ckiego \u0142adunku\" title=\"Projects\" srcset=\"https:\/\/transfa.pl\/wp-content\/uploads\/2025\/10\/unnamed-9.png 1024w, https:\/\/transfa.pl\/wp-content\/uploads\/2025\/10\/unnamed-9-300x300.png 300w, https:\/\/transfa.pl\/wp-content\/uploads\/2025\/10\/unnamed-9-150x150.png 150w, https:\/\/transfa.pl\/wp-content\/uploads\/2025\/10\/unnamed-9-768x768.png 768w\" sizes=\"(max-width: 1024px) 100vw, 1024px\" \/><\/figure><div class=\"elementor-image-box-content\"><h4 class=\"elementor-image-box-title\">Oversize transport \u2013 safe and on schedule.<\/h4><p class=\"elementor-image-box-description\">We handle oversize loads requiring pilot escort and special permits.\nWe provide route planning, escort coordination, liaison with road authorities, and on-time delivery across Europe.<\/p><\/div><\/div>\t\t\t\t<\/div>\n\t\t\t\t<\/div>\n\t\t\t\t<div class=\"elementor-element elementor-element-c52b1e0 elementor-widget elementor-widget-heading\" data-id=\"c52b1e0\" data-element_type=\"widget\" data-widget_type=\"heading.default\">\n\t\t\t\t<div class=\"elementor-widget-container\">\n\t\t\t\t\t<h4 class=\"elementor-heading-title elementor-size-default\"><p data-start=\"1071\" data-end=\"1227\" class=\"translation-block\"><strong>Big loads, greater responsibility.<\/strong> Every oversize transport is planned with precision down to the very kilometre.<\/p><\/h4>\t\t\t\t<\/div>\n\t\t\t\t<\/div>\n\t\t\t\t<\/div>\n\t\t<div class=\"elementor-element elementor-element-29fe732 e-con-full e-flex e-con e-child\" data-id=\"29fe732\" data-element_type=\"container\">\n\t\t\t\t<div class=\"elementor-element elementor-element-e14f401 elementor-position-top elementor-widget elementor-widget-image-box\" data-id=\"e14f401\" data-element_type=\"widget\" data-widget_type=\"image-box.default\">\n\t\t\t\t<div class=\"elementor-widget-container\">\n\t\t\t\t\t<div class=\"elementor-image-box-wrapper\"><figure class=\"elementor-image-box-img\"><img loading=\"lazy\" decoding=\"async\" width=\"1024\" height=\"1024\" src=\"https:\/\/transfa.pl\/wp-content\/uploads\/2025\/10\/unnamed-11.png\" class=\"attachment-full size-full wp-image-23\" alt=\"Ci\u0119\u017car\u00f3wka TRANSFA U.T. w trasie \u2014 transport drogowy Polska Nordyki Ba\u0142tyk Ba\u0142kany\" title=\"Projects\" srcset=\"https:\/\/transfa.pl\/wp-content\/uploads\/2025\/10\/unnamed-11.png 1024w, https:\/\/transfa.pl\/wp-content\/uploads\/2025\/10\/unnamed-11-300x300.png 300w, https:\/\/transfa.pl\/wp-content\/uploads\/2025\/10\/unnamed-11-150x150.png 150w, https:\/\/transfa.pl\/wp-content\/uploads\/2025\/10\/unnamed-11-768x768.png 768w\" sizes=\"(max-width: 1024px) 100vw, 1024px\" \/><\/figure><div class=\"elementor-image-box-content\"><h4 class=\"elementor-image-box-title\">Domestic and international transport \u2013 always on time.<\/h4><p class=\"elementor-image-box-description\">Regular routes and daily departures \u2014 Poland, Europe, Scandinavia, the Baltics, the Balkans.\nWe provide FTL, LTL and Groupage transport tailored to the client\u2019s needs and the type of cargo.<\/p><\/div><\/div>\t\t\t\t<\/div>\n\t\t\t\t<\/div>\n\t\t\t\t<div class=\"elementor-element elementor-element-19fcbfa elementor-widget elementor-widget-heading\" data-id=\"19fcbfa\" data-element_type=\"widget\" data-widget_type=\"heading.default\">\n\t\t\t\t<div class=\"elementor-widget-container\">\n\t\t\t\t\t<h4 class=\"elementor-heading-title elementor-size-default\">Transport that\u2019s always where you are.\nRegular routes, fast deliveries, and logistics without compromise.<\/h4>\t\t\t\t<\/div>\n\t\t\t\t<\/div>\n\t\t\t\t<\/div>\n\t\t\t\t\t<\/div>\n\t\t\t\t<\/div>\n\t\t<div class=\"elementor-element elementor-element-a40fa50 e-flex e-con-boxed e-con e-parent\" data-id=\"a40fa50\" data-element_type=\"container\" data-settings=\"{&quot;background_background&quot;:&quot;classic&quot;}\">\n\t\t\t\t\t<div class=\"e-con-inner\">\n\t\t<div class=\"elementor-element elementor-element-cf860f8 e-con-full e-flex e-con e-child\" data-id=\"cf860f8\" data-element_type=\"container\">\n\t\t\t\t<div class=\"elementor-element elementor-element-6b29000 animated-slow elementor-invisible elementor-widget elementor-widget-heading\" data-id=\"6b29000\" data-element_type=\"widget\" data-settings=\"{&quot;_animation&quot;:&quot;fadeInLeft&quot;}\" data-widget_type=\"heading.default\">\n\t\t\t\t<div class=\"elementor-widget-container\">\n\t\t\t\t\t<h3 class=\"elementor-heading-title elementor-size-default\">Your logistics in good hands \u2013 get in touch with us.<\/h3>\t\t\t\t<\/div>\n\t\t\t\t<\/div>\n\t\t\t\t<\/div>\n\t\t<div class=\"elementor-element elementor-element-0672074 e-con-full e-flex e-con e-child\" data-id=\"0672074\" data-element_type=\"container\">\n\t\t\t\t<div class=\"elementor-element elementor-element-08facec elementor-align-right elementor-mobile-align-center animated-slow elementor-invisible elementor-widget elementor-widget-button\" data-id=\"08facec\" data-element_type=\"widget\" data-settings=\"{&quot;_animation&quot;:&quot;fadeInRight&quot;}\" data-widget_type=\"button.default\">\n\t\t\t\t<div class=\"elementor-widget-container\">\n\t\t\t\t\t\t\t\t\t<div class=\"elementor-button-wrapper\">\n\t\t\t\t\t<a class=\"elementor-button elementor-button-link elementor-size-sm\" href=\"mailto:biuro@transfa.pl\">\n\t\t\t\t\t\t<span class=\"elementor-button-content-wrapper\">\n\t\t\t\t\t\t<span class=\"elementor-button-icon\">\n\t\t\t\t<i aria-hidden=\"true\" class=\"fas fa-mail-bulk\"><\/i>\t\t\t<\/span>\n\t\t\t\t\t\t\t\t\t<span class=\"elementor-button-text\">Contact us<\/span>\n\t\t\t\t\t<\/span>\n\t\t\t\t\t<\/a>\n\t\t\t\t<\/div>\n\t\t\t\t\t\t\t\t<\/div>\n\t\t\t\t<\/div>\n\t\t\t\t<\/div>\n\t\t\t\t\t<\/div>\n\t\t\t\t<\/div>\n\t\t\t\t<\/div>","protected":false},"excerpt":{"rendered":"<p>Kierunki Magazynowanie i dystrybucja. Nowoczesne zaplecze magazynowe TRANSFA U.T. we wsp\u00f3\u0142pracy z partnerami w Polsce i Europie zapewnia sprawn\u0105 konsolidacj\u0119 i prze\u0142adunki towar\u00f3w. Obs\u0142ugujemy dystrybucj\u0119 na kierunkach Europa, Skandynawia, Priba\u0142tika i Ba\u0142kany \u2014 szybko, bezpiecznie i z pe\u0142n\u0105 kontrol\u0105 procesu. Centrum logistyczne, kt\u00f3re scala Europ\u0119. Efektywna konsolidacja i dystrybucja to fundament terminowego transportu. Transport morsko\u2013drogowy [&hellip;]<\/p>","protected":false},"author":1,"featured_media":0,"parent":0,"menu_order":0,"comment_status":"closed","ping_status":"closed","template":"","meta":{"site-sidebar-layout":"no-sidebar","site-content-layout":"page-builder","ast-site-content-layout":"full-width-container","site-content-style":"unboxed","site-sidebar-style":"unboxed","ast-global-header-display":"","ast-banner-title-visibility":"","ast-main-header-display":"","ast-hfb-above-header-display":"","ast-hfb-below-header-display":"","ast-hfb-mobile-header-display":"","site-post-title":"disabled","ast-breadcrumbs-content":"","ast-featured-img":"disabled","footer-sml-layout":"","theme-transparent-header-meta":"enabled","adv-header-id-meta":"","stick-header-meta":"","header-above-stick-meta":"","header-main-stick-meta":"","header-below-stick-meta":"","astra-migrate-meta-layouts":"set","ast-page-background-enabled":"default","ast-page-background-meta":{"desktop":{"background-color":"","background-image":"","background-repeat":"repeat","background-position":"center center","background-size":"auto","background-attachment":"scroll","background-type":"","background-media":"","overlay-type":"","overlay-color":"","overlay-opacity":"","overlay-gradient":""},"tablet":{"background-color":"","background-image":"","background-repeat":"repeat","background-position":"center center","background-size":"auto","background-attachment":"scroll","background-type":"","background-media":"","overlay-type":"","overlay-color":"","overlay-opacity":"","overlay-gradient":""},"mobile":{"background-color":"","background-image":"","background-repeat":"repeat","background-position":"center center","background-size":"auto","background-attachment":"scroll","background-type":"","background-media":"","overlay-type":"","overlay-color":"","overlay-opacity":"","overlay-gradient":""}},"ast-content-background-meta":{"desktop":{"background-color":"var(--ast-global-color-5)","background-image":"","background-repeat":"repeat","background-position":"center center","background-size":"auto","background-attachment":"scroll","background-type":"","background-media":"","overlay-type":"","overlay-color":"","overlay-opacity":"","overlay-gradient":""},"tablet":{"background-color":"var(--ast-global-color-5)","background-image":"","background-repeat":"repeat","background-position":"center center","background-size":"auto","background-attachment":"scroll","background-type":"","background-media":"","overlay-type":"","overlay-color":"","overlay-opacity":"","overlay-gradient":""},"mobile":{"background-color":"var(--ast-global-color-5)","background-image":"","background-repeat":"repeat","background-position":"center center","background-size":"auto","background-attachment":"scroll","background-type":"","background-media":"","overlay-type":"","overlay-color":"","overlay-opacity":"","overlay-gradient":""}},"footnotes":""},"class_list":["post-507","page","type-page","status-publish","hentry"],"_links":{"self":[{"href":"https:\/\/transfa.pl\/en\/wp-json\/wp\/v2\/pages\/507","targetHints":{"allow":["GET"]}}],"collection":[{"href":"https:\/\/transfa.pl\/en\/wp-json\/wp\/v2\/pages"}],"about":[{"href":"https:\/\/transfa.pl\/en\/wp-json\/wp\/v2\/types\/page"}],"author":[{"embeddable":true,"href":"https:\/\/transfa.pl\/en\/wp-json\/wp\/v2\/users\/1"}],"replies":[{"embeddable":true,"href":"https:\/\/transfa.pl\/en\/wp-json\/wp\/v2\/comments?post=507"}],"version-history":[{"count":30,"href":"https:\/\/transfa.pl\/en\/wp-json\/wp\/v2\/pages\/507\/revisions"}],"predecessor-version":[{"id":1852,"href":"https:\/\/transfa.pl\/en\/wp-json\/wp\/v2\/pages\/507\/revisions\/1852"}],"wp:attachment":[{"href":"https:\/\/transfa.pl\/en\/wp-json\/wp\/v2\/media?parent=507"}],"curies":[{"name":"wp","href":"https:\/\/api.w.org\/{rel}","templated":true}]}}